{"id":441,"date":"2020-11-26T20:15:38","date_gmt":"2020-11-26T20:15:38","guid":{"rendered":"https:\/\/leonstain.mediadome.at\/?page_id=441"},"modified":"2020-11-30T17:47:59","modified_gmt":"2020-11-30T17:47:59","slug":"kulinarik","status":"publish","type":"page","link":"https:\/\/www.leonstain.at\/index.php\/kulinarik\/","title":{"rendered":"Kulinarik"},"content":{"rendered":"\t\t<div data-elementor-type=\"wp-page\" data-elementor-id=\"441\" class=\"elementor elementor-441\" data-elementor-post-type=\"page\">\n\t\t\t\t\t\t<section class=\"elementor-section elementor-top-section elementor-element elementor-element-1d1ee136 elementor-section-stretched elementor-section-boxed elementor-section-height-default elementor-section-height-default\" data-id=\"1d1ee136\" data-element_type=\"section\" data-e-type=\"section\" data-settings=\"{&quot;stretch_section&quot;:&quot;section-stretched&quot;,&quot;background_background&quot;:&quot;classic&quot;}\">\n\t\t\t\t\t\t<div class=\"elementor-container elementor-column-gap-default\">\n\t\t\t\t\t<div class=\"elementor-column elementor-col-100 elementor-top-column elementor-element elementor-element-4ffa7faa\" data-id=\"4ffa7faa\" data-element_type=\"column\" data-e-type=\"column\">\n\t\t\t<div class=\"elementor-widget-wrap elementor-element-populated\">\n\t\t\t\t\t\t<div class=\"elementor-element elementor-element-1041da49 elementor-widget elementor-widget-heading\" data-id=\"1041da49\" data-element_type=\"widget\" data-e-type=\"widget\" data-widget_type=\"heading.default\">\n\t\t\t\t<div class=\"elementor-widget-container\">\n\t\t\t\t\t<h1 class=\"elementor-heading-title elementor-size-xxl\">Kulinarik im Schloss Leonstain<\/h1>\t\t\t\t<\/div>\n\t\t\t\t<\/div>\n\t\t\t\t\t<\/div>\n\t\t<\/div>\n\t\t\t\t\t<\/div>\n\t\t<\/section>\n\t\t\t\t<section class=\"elementor-section elementor-top-section elementor-element elementor-element-627c54f7 elementor-section-content-middle elementor-section-boxed elementor-section-height-default elementor-section-height-default\" data-id=\"627c54f7\" data-element_type=\"section\" data-e-type=\"section\">\n\t\t\t\t\t\t<div class=\"elementor-container elementor-column-gap-default\">\n\t\t\t\t\t<div class=\"elementor-column elementor-col-33 elementor-top-column elementor-element elementor-element-1a1eefa6\" data-id=\"1a1eefa6\" data-element_type=\"column\" data-e-type=\"column\">\n\t\t\t<div class=\"elementor-widget-wrap elementor-element-populated\">\n\t\t\t\t\t\t<div class=\"elementor-element elementor-element-57192d4 elementor-widget elementor-widget-heading\" data-id=\"57192d4\" data-element_type=\"widget\" data-e-type=\"widget\" data-widget_type=\"heading.default\">\n\t\t\t\t<div class=\"elementor-widget-container\">\n\t\t\t\t\t<h1 class=\"elementor-heading-title elementor-size-default\">KULINARIK IM SCHLOSS LEONSTAIN<\/h1>\t\t\t\t<\/div>\n\t\t\t\t<\/div>\n\t\t\t\t<div class=\"elementor-element elementor-element-6c829cf7 elementor-widget elementor-widget-heading\" data-id=\"6c829cf7\" data-element_type=\"widget\" data-e-type=\"widget\" data-widget_type=\"heading.default\">\n\t\t\t\t<div class=\"elementor-widget-container\">\n\t\t\t\t\t<h2 class=\"elementor-heading-title elementor-size-default\">Ausgew\u00e4hlt speisen in  <u>Hauben-Qualit\u00e4t<\/u> <\/h2>\t\t\t\t<\/div>\n\t\t\t\t<\/div>\n\t\t\t\t\t<\/div>\n\t\t<\/div>\n\t\t\t\t<div class=\"elementor-column elementor-col-33 elementor-top-column elementor-element elementor-element-69919da0\" data-id=\"69919da0\" data-element_type=\"column\" data-e-type=\"column\">\n\t\t\t<div class=\"elementor-widget-wrap elementor-element-populated\">\n\t\t\t\t\t\t<div class=\"elementor-element elementor-element-5ceba14c elementor-widget elementor-widget-image\" data-id=\"5ceba14c\" data-element_type=\"widget\" data-e-type=\"widget\" data-widget_type=\"image.default\">\n\t\t\t\t<div class=\"elementor-widget-container\">\n\t\t\t\t\t\t\t\t\t\t\t\t\t\t\t<img fetchpriority=\"high\" decoding=\"async\" width=\"2560\" height=\"2560\" src=\"https:\/\/www.leonstain.at\/wp-content\/uploads\/2020\/11\/Kulinarik-Leonstain_3-scaled.jpg\" class=\"attachment-full size-full wp-image-162\" alt=\"\" srcset=\"https:\/\/www.leonstain.at\/wp-content\/uploads\/2020\/11\/Kulinarik-Leonstain_3-scaled.jpg 2560w, https:\/\/www.leonstain.at\/wp-content\/uploads\/2020\/11\/Kulinarik-Leonstain_3-300x300.jpg 300w, https:\/\/www.leonstain.at\/wp-content\/uploads\/2020\/11\/Kulinarik-Leonstain_3-1024x1024.jpg 1024w, https:\/\/www.leonstain.at\/wp-content\/uploads\/2020\/11\/Kulinarik-Leonstain_3-150x150.jpg 150w, https:\/\/www.leonstain.at\/wp-content\/uploads\/2020\/11\/Kulinarik-Leonstain_3-768x768.jpg 768w, https:\/\/www.leonstain.at\/wp-content\/uploads\/2020\/11\/Kulinarik-Leonstain_3-1536x1536.jpg 1536w, https:\/\/www.leonstain.at\/wp-content\/uploads\/2020\/11\/Kulinarik-Leonstain_3-2048x2048.jpg 2048w\" sizes=\"(max-width: 2560px) 100vw, 2560px\" \/>\t\t\t\t\t\t\t\t\t\t\t\t\t\t\t<\/div>\n\t\t\t\t<\/div>\n\t\t\t\t\t<\/div>\n\t\t<\/div>\n\t\t\t\t<div class=\"elementor-column elementor-col-33 elementor-top-column elementor-element elementor-element-532aee6f\" data-id=\"532aee6f\" data-element_type=\"column\" data-e-type=\"column\">\n\t\t\t<div class=\"elementor-widget-wrap elementor-element-populated\">\n\t\t\t\t\t\t<div class=\"elementor-element elementor-element-6740e877 elementor-widget elementor-widget-image\" data-id=\"6740e877\" data-element_type=\"widget\" data-e-type=\"widget\" data-widget_type=\"image.default\">\n\t\t\t\t<div class=\"elementor-widget-container\">\n\t\t\t\t\t\t\t\t\t\t\t\t\t\t\t<img decoding=\"async\" width=\"1280\" height=\"1280\" src=\"https:\/\/www.leonstain.at\/wp-content\/uploads\/2020\/11\/Kulinarik-Leonstain_2.jpg\" class=\"attachment-full size-full wp-image-161\" alt=\"\" srcset=\"https:\/\/www.leonstain.at\/wp-content\/uploads\/2020\/11\/Kulinarik-Leonstain_2.jpg 1280w, https:\/\/www.leonstain.at\/wp-content\/uploads\/2020\/11\/Kulinarik-Leonstain_2-300x300.jpg 300w, https:\/\/www.leonstain.at\/wp-content\/uploads\/2020\/11\/Kulinarik-Leonstain_2-1024x1024.jpg 1024w, https:\/\/www.leonstain.at\/wp-content\/uploads\/2020\/11\/Kulinarik-Leonstain_2-150x150.jpg 150w, https:\/\/www.leonstain.at\/wp-content\/uploads\/2020\/11\/Kulinarik-Leonstain_2-768x768.jpg 768w\" sizes=\"(max-width: 1280px) 100vw, 1280px\" \/>\t\t\t\t\t\t\t\t\t\t\t\t\t\t\t<\/div>\n\t\t\t\t<\/div>\n\t\t\t\t\t<\/div>\n\t\t<\/div>\n\t\t\t\t\t<\/div>\n\t\t<\/section>\n\t\t\t\t<section class=\"elementor-section elementor-top-section elementor-element elementor-element-3ce9620c elementor-section-boxed elementor-section-height-default elementor-section-height-default\" data-id=\"3ce9620c\" data-element_type=\"section\" data-e-type=\"section\">\n\t\t\t\t\t\t<div class=\"elementor-container elementor-column-gap-default\">\n\t\t\t\t\t<div class=\"elementor-column elementor-col-50 elementor-top-column elementor-element elementor-element-3cbab798\" data-id=\"3cbab798\" data-element_type=\"column\" data-e-type=\"column\">\n\t\t\t<div class=\"elementor-widget-wrap elementor-element-populated\">\n\t\t\t\t\t\t<div class=\"elementor-element elementor-element-0d54158 elementor-widget elementor-widget-image\" data-id=\"0d54158\" data-element_type=\"widget\" data-e-type=\"widget\" data-widget_type=\"image.default\">\n\t\t\t\t<div class=\"elementor-widget-container\">\n\t\t\t\t\t\t\t\t\t\t\t\t\t\t\t<img decoding=\"async\" width=\"800\" height=\"800\" src=\"https:\/\/www.leonstain.at\/wp-content\/uploads\/2020\/11\/Kulinarik-Leonstain_1-1024x1024.jpg\" class=\"attachment-large size-large wp-image-160\" alt=\"\" srcset=\"https:\/\/www.leonstain.at\/wp-content\/uploads\/2020\/11\/Kulinarik-Leonstain_1-1024x1024.jpg 1024w, https:\/\/www.leonstain.at\/wp-content\/uploads\/2020\/11\/Kulinarik-Leonstain_1-300x300.jpg 300w, https:\/\/www.leonstain.at\/wp-content\/uploads\/2020\/11\/Kulinarik-Leonstain_1-150x150.jpg 150w, https:\/\/www.leonstain.at\/wp-content\/uploads\/2020\/11\/Kulinarik-Leonstain_1-768x768.jpg 768w, https:\/\/www.leonstain.at\/wp-content\/uploads\/2020\/11\/Kulinarik-Leonstain_1.jpg 1280w\" sizes=\"(max-width: 800px) 100vw, 800px\" \/>\t\t\t\t\t\t\t\t\t\t\t\t\t\t\t<\/div>\n\t\t\t\t<\/div>\n\t\t\t\t\t<\/div>\n\t\t<\/div>\n\t\t\t\t<div class=\"elementor-column elementor-col-50 elementor-top-column elementor-element elementor-element-418e4096\" data-id=\"418e4096\" data-element_type=\"column\" data-e-type=\"column\">\n\t\t\t<div class=\"elementor-widget-wrap elementor-element-populated\">\n\t\t\t\t\t\t<div class=\"elementor-element elementor-element-1cb8d5b elementor-widget elementor-widget-spacer\" data-id=\"1cb8d5b\" data-element_type=\"widget\" data-e-type=\"widget\" data-widget_type=\"spacer.default\">\n\t\t\t\t<div class=\"elementor-widget-container\">\n\t\t\t\t\t\t\t<div class=\"elementor-spacer\">\n\t\t\t<div class=\"elementor-spacer-inner\"><\/div>\n\t\t<\/div>\n\t\t\t\t\t\t<\/div>\n\t\t\t\t<\/div>\n\t\t\t\t<div class=\"elementor-element elementor-element-626758d elementor-widget elementor-widget-heading\" data-id=\"626758d\" data-element_type=\"widget\" data-e-type=\"widget\" data-widget_type=\"heading.default\">\n\t\t\t\t<div class=\"elementor-widget-container\">\n\t\t\t\t\t<h2 class=\"elementor-heading-title elementor-size-default\">Bio ist gut \u2013  <br><u>regional ist besser!<\/u> <\/h2>\t\t\t\t<\/div>\n\t\t\t\t<\/div>\n\t\t\t\t<div class=\"elementor-element elementor-element-2aa76423 elementor-widget elementor-widget-heading\" data-id=\"2aa76423\" data-element_type=\"widget\" data-e-type=\"widget\" data-widget_type=\"heading.default\">\n\t\t\t\t<div class=\"elementor-widget-container\">\n\t\t\t\t\t<p class=\"elementor-heading-title elementor-size-default\">Bio ist gut \u2013 regional ist besser! Das ist das Motto von K\u00fcchenchef Stefan Obmann, der sich dem leiblichen Wohl der G\u00e4ste widmet. Nicht nur ist er immer gut gelaunt, sondern auch st\u00e4ndig auf der Suche nach neuen, spannenden Zutaten f\u00fcr seine selbst kreierten Gerichte. Und diese bezieht er vorzugsweise regional: Denn K\u00e4rnten ist nicht umsonst als Genussregion bekannt! Knackig frisches Obst und Gem\u00fcse, Fleisch von Erzeugern aus der N\u00e4he, Fisch aus eigener Zucht \u2013 das alles und noch viel mehr bietet das kulinarische Schatzkisterl der Region. Und das verarbeitet Stefan in seiner K\u00fcche zu Speisen, die mit Bodenst\u00e4ndigkeit, Geschmack und herausragender Qualit\u00e4t punkten. Diese Bio-regionale K\u00fcche war dem Gault Millau zuletzt zwei Hauben wert \u2013 und darauf sind wir zurecht stolz.<\/p>\t\t\t\t<\/div>\n\t\t\t\t<\/div>\n\t\t\t\t\t<\/div>\n\t\t<\/div>\n\t\t\t\t\t<\/div>\n\t\t<\/section>\n\t\t\t\t<section class=\"elementor-section elementor-top-section elementor-element elementor-element-46daf9c elementor-section-boxed elementor-section-height-default elementor-section-height-default\" data-id=\"46daf9c\" data-element_type=\"section\" data-e-type=\"section\">\n\t\t\t\t\t\t<div class=\"elementor-container elementor-column-gap-default\">\n\t\t\t\t\t<div class=\"elementor-column elementor-col-50 elementor-top-column elementor-element elementor-element-4bb79c6\" data-id=\"4bb79c6\" data-element_type=\"column\" data-e-type=\"column\">\n\t\t\t<div class=\"elementor-widget-wrap elementor-element-populated\">\n\t\t\t\t\t\t<div class=\"elementor-element elementor-element-025f804 elementor-widget elementor-widget-spacer\" data-id=\"025f804\" data-element_type=\"widget\" data-e-type=\"widget\" data-widget_type=\"spacer.default\">\n\t\t\t\t<div class=\"elementor-widget-container\">\n\t\t\t\t\t\t\t<div class=\"elementor-spacer\">\n\t\t\t<div class=\"elementor-spacer-inner\"><\/div>\n\t\t<\/div>\n\t\t\t\t\t\t<\/div>\n\t\t\t\t<\/div>\n\t\t\t\t<div class=\"elementor-element elementor-element-7cc8b48 elementor-widget elementor-widget-heading\" data-id=\"7cc8b48\" data-element_type=\"widget\" data-e-type=\"widget\" data-widget_type=\"heading.default\">\n\t\t\t\t<div class=\"elementor-widget-container\">\n\t\t\t\t\t<h2 class=\"elementor-heading-title elementor-size-default\">Men\u00fcs bei <u>Halbpension<\/u> <\/h2>\t\t\t\t<\/div>\n\t\t\t\t<\/div>\n\t\t\t\t<div class=\"elementor-element elementor-element-5d2f021 elementor-widget elementor-widget-heading\" data-id=\"5d2f021\" data-element_type=\"widget\" data-e-type=\"widget\" data-widget_type=\"heading.default\">\n\t\t\t\t<div class=\"elementor-widget-container\">\n\t\t\t\t\t<p class=\"elementor-heading-title elementor-size-default\">Von 07:30 bis 11:00 Uhr servieren wir unseren Hotelg\u00e4sten ein reichhaltiges und abwechslungsreiches Fr\u00fchst\u00fcck, das ihnen den Start in den Tag vers\u00fc\u00dft und die Lebensgeister weckt. <br><br>\nAbends erwartet Sie von 18:30 bis 20:30 Uhr ein vierg\u00e4ngiges Men\u00fc mit verschiedenen Wahlm\u00f6glichkeiten f\u00fcr den Hauptgang. Auch ausw\u00e4rtige G\u00e4ste sind abends gerne willkommen und d\u00fcrfen, wie unsere Hotelg\u00e4ste, aus dem Tagesmen\u00fc w\u00e4hlen \u2013 am besten mit einem ausgesuchten Glas Wein. Wir bitten hierf\u00fcr um rechtzeitige telefonische Voranmeldung.<\/p>\t\t\t\t<\/div>\n\t\t\t\t<\/div>\n\t\t\t\t\t<\/div>\n\t\t<\/div>\n\t\t\t\t<div class=\"elementor-column elementor-col-50 elementor-top-column elementor-element elementor-element-4c5874f\" data-id=\"4c5874f\" data-element_type=\"column\" data-e-type=\"column\">\n\t\t\t<div class=\"elementor-widget-wrap elementor-element-populated\">\n\t\t\t\t\t\t<div class=\"elementor-element elementor-element-a97288e elementor-widget elementor-widget-image\" data-id=\"a97288e\" data-element_type=\"widget\" data-e-type=\"widget\" data-widget_type=\"image.default\">\n\t\t\t\t<div class=\"elementor-widget-container\">\n\t\t\t\t\t\t\t\t\t\t\t\t\t\t\t<img loading=\"lazy\" decoding=\"async\" width=\"800\" height=\"800\" src=\"https:\/\/www.leonstain.at\/wp-content\/uploads\/2020\/11\/Kulinarik-Leonstain_4-1024x1024.jpg\" class=\"attachment-large size-large wp-image-163\" alt=\"\" srcset=\"https:\/\/www.leonstain.at\/wp-content\/uploads\/2020\/11\/Kulinarik-Leonstain_4-1024x1024.jpg 1024w, https:\/\/www.leonstain.at\/wp-content\/uploads\/2020\/11\/Kulinarik-Leonstain_4-300x300.jpg 300w, https:\/\/www.leonstain.at\/wp-content\/uploads\/2020\/11\/Kulinarik-Leonstain_4-150x150.jpg 150w, https:\/\/www.leonstain.at\/wp-content\/uploads\/2020\/11\/Kulinarik-Leonstain_4-768x768.jpg 768w, https:\/\/www.leonstain.at\/wp-content\/uploads\/2020\/11\/Kulinarik-Leonstain_4-1536x1536.jpg 1536w, https:\/\/www.leonstain.at\/wp-content\/uploads\/2020\/11\/Kulinarik-Leonstain_4-2048x2048.jpg 2048w\" sizes=\"(max-width: 800px) 100vw, 800px\" \/>\t\t\t\t\t\t\t\t\t\t\t\t\t\t\t<\/div>\n\t\t\t\t<\/div>\n\t\t\t\t\t<\/div>\n\t\t<\/div>\n\t\t\t\t\t<\/div>\n\t\t<\/section>\n\t\t\t\t<section class=\"elementor-section elementor-top-section elementor-element elementor-element-8217378 elementor-section-boxed elementor-section-height-default elementor-section-height-default\" data-id=\"8217378\" data-element_type=\"section\" data-e-type=\"section\">\n\t\t\t\t\t\t<div class=\"elementor-container elementor-column-gap-default\">\n\t\t\t\t\t<div class=\"elementor-column elementor-col-50 elementor-top-column elementor-element elementor-element-3a64f89\" data-id=\"3a64f89\" data-element_type=\"column\" data-e-type=\"column\">\n\t\t\t<div class=\"elementor-widget-wrap elementor-element-populated\">\n\t\t\t\t\t\t<div class=\"elementor-element elementor-element-fe4284d elementor-widget elementor-widget-image\" data-id=\"fe4284d\" data-element_type=\"widget\" data-e-type=\"widget\" data-widget_type=\"image.default\">\n\t\t\t\t<div class=\"elementor-widget-container\">\n\t\t\t\t\t\t\t\t\t\t\t\t\t\t\t<img loading=\"lazy\" decoding=\"async\" width=\"800\" height=\"805\" src=\"https:\/\/www.leonstain.at\/wp-content\/uploads\/2020\/11\/Fotocollage_breakfast-1018x1024.jpg\" class=\"attachment-large size-large wp-image-589\" alt=\"\" srcset=\"https:\/\/www.leonstain.at\/wp-content\/uploads\/2020\/11\/Fotocollage_breakfast-1018x1024.jpg 1018w, https:\/\/www.leonstain.at\/wp-content\/uploads\/2020\/11\/Fotocollage_breakfast-298x300.jpg 298w, https:\/\/www.leonstain.at\/wp-content\/uploads\/2020\/11\/Fotocollage_breakfast-150x150.jpg 150w, https:\/\/www.leonstain.at\/wp-content\/uploads\/2020\/11\/Fotocollage_breakfast-768x772.jpg 768w, https:\/\/www.leonstain.at\/wp-content\/uploads\/2020\/11\/Fotocollage_breakfast.jpg 1061w\" sizes=\"(max-width: 800px) 100vw, 800px\" \/>\t\t\t\t\t\t\t\t\t\t\t\t\t\t\t<\/div>\n\t\t\t\t<\/div>\n\t\t\t\t\t<\/div>\n\t\t<\/div>\n\t\t\t\t<div class=\"elementor-column elementor-col-25 elementor-top-column elementor-element elementor-element-7f17030\" data-id=\"7f17030\" data-element_type=\"column\" data-e-type=\"column\">\n\t\t\t<div class=\"elementor-widget-wrap elementor-element-populated\">\n\t\t\t\t\t\t<div class=\"elementor-element elementor-element-e8afd4e elementor-widget elementor-widget-heading\" data-id=\"e8afd4e\" data-element_type=\"widget\" data-e-type=\"widget\" data-widget_type=\"heading.default\">\n\t\t\t\t<div class=\"elementor-widget-container\">\n\t\t\t\t\t<h2 class=\"elementor-heading-title elementor-size-default\"><u>Fr\u00fchst\u00fcck<\/u> <br>ist die wichtigste Mahlzeit <br><u>des Tages<\/u><\/h2>\t\t\t\t<\/div>\n\t\t\t\t<\/div>\n\t\t\t\t\t<\/div>\n\t\t<\/div>\n\t\t\t\t<div class=\"elementor-column elementor-col-25 elementor-top-column elementor-element elementor-element-c1828e5\" data-id=\"c1828e5\" data-element_type=\"column\" data-e-type=\"column\">\n\t\t\t<div class=\"elementor-widget-wrap elementor-element-populated\">\n\t\t\t\t\t\t<div class=\"elementor-element elementor-element-087a5e2 elementor-widget elementor-widget-image\" data-id=\"087a5e2\" data-element_type=\"widget\" data-e-type=\"widget\" data-widget_type=\"image.default\">\n\t\t\t\t<div class=\"elementor-widget-container\">\n\t\t\t\t\t\t\t\t\t\t\t\t\t\t\t<img loading=\"lazy\" decoding=\"async\" width=\"800\" height=\"534\" src=\"https:\/\/www.leonstain.at\/wp-content\/uploads\/2020\/11\/Leonstain-23-1024x683.jpg\" class=\"attachment-large size-large wp-image-579\" alt=\"\" srcset=\"https:\/\/www.leonstain.at\/wp-content\/uploads\/2020\/11\/Leonstain-23-1024x683.jpg 1024w, https:\/\/www.leonstain.at\/wp-content\/uploads\/2020\/11\/Leonstain-23-300x200.jpg 300w, https:\/\/www.leonstain.at\/wp-content\/uploads\/2020\/11\/Leonstain-23-768x512.jpg 768w, https:\/\/www.leonstain.at\/wp-content\/uploads\/2020\/11\/Leonstain-23-1536x1024.jpg 1536w, https:\/\/www.leonstain.at\/wp-content\/uploads\/2020\/11\/Leonstain-23.jpg 1920w\" sizes=\"(max-width: 800px) 100vw, 800px\" \/>\t\t\t\t\t\t\t\t\t\t\t\t\t\t\t<\/div>\n\t\t\t\t<\/div>\n\t\t\t\t<div class=\"elementor-element elementor-element-4f981c7 elementor-widget elementor-widget-image\" data-id=\"4f981c7\" data-element_type=\"widget\" data-e-type=\"widget\" data-widget_type=\"image.default\">\n\t\t\t\t<div class=\"elementor-widget-container\">\n\t\t\t\t\t\t\t\t\t\t\t\t\t\t\t<img loading=\"lazy\" decoding=\"async\" width=\"800\" height=\"534\" src=\"https:\/\/www.leonstain.at\/wp-content\/uploads\/2020\/11\/Leonstain-21-1024x683.jpg\" class=\"attachment-large size-large wp-image-577\" alt=\"\" srcset=\"https:\/\/www.leonstain.at\/wp-content\/uploads\/2020\/11\/Leonstain-21-1024x683.jpg 1024w, https:\/\/www.leonstain.at\/wp-content\/uploads\/2020\/11\/Leonstain-21-300x200.jpg 300w, https:\/\/www.leonstain.at\/wp-content\/uploads\/2020\/11\/Leonstain-21-768x512.jpg 768w, https:\/\/www.leonstain.at\/wp-content\/uploads\/2020\/11\/Leonstain-21-1536x1024.jpg 1536w, https:\/\/www.leonstain.at\/wp-content\/uploads\/2020\/11\/Leonstain-21.jpg 1920w\" sizes=\"(max-width: 800px) 100vw, 800px\" \/>\t\t\t\t\t\t\t\t\t\t\t\t\t\t\t<\/div>\n\t\t\t\t<\/div>\n\t\t\t\t<div class=\"elementor-element elementor-element-6200812 elementor-widget elementor-widget-image\" data-id=\"6200812\" data-element_type=\"widget\" data-e-type=\"widget\" data-widget_type=\"image.default\">\n\t\t\t\t<div class=\"elementor-widget-container\">\n\t\t\t\t\t\t\t\t\t\t\t\t\t\t\t<img loading=\"lazy\" decoding=\"async\" width=\"800\" height=\"534\" src=\"https:\/\/www.leonstain.at\/wp-content\/uploads\/2020\/11\/Leonstain-18-1024x683.jpg\" class=\"attachment-large size-large wp-image-574\" alt=\"\" srcset=\"https:\/\/www.leonstain.at\/wp-content\/uploads\/2020\/11\/Leonstain-18-1024x683.jpg 1024w, https:\/\/www.leonstain.at\/wp-content\/uploads\/2020\/11\/Leonstain-18-300x200.jpg 300w, https:\/\/www.leonstain.at\/wp-content\/uploads\/2020\/11\/Leonstain-18-768x512.jpg 768w, https:\/\/www.leonstain.at\/wp-content\/uploads\/2020\/11\/Leonstain-18-1536x1024.jpg 1536w, https:\/\/www.leonstain.at\/wp-content\/uploads\/2020\/11\/Leonstain-18.jpg 1920w\" sizes=\"(max-width: 800px) 100vw, 800px\" \/>\t\t\t\t\t\t\t\t\t\t\t\t\t\t\t<\/div>\n\t\t\t\t<\/div>\n\t\t\t\t\t<\/div>\n\t\t<\/div>\n\t\t\t\t\t<\/div>\n\t\t<\/section>\n\t\t\t\t<\/div>\n\t\t","protected":false},"excerpt":{"rendered":"<p>Kulinarik im Schloss Leonstain KULINARIK IM SCHLOSS LEONSTAIN Ausgew\u00e4hlt speisen in Hauben-Qualit\u00e4t Bio ist gut \u2013 regional ist besser! Bio ist gut \u2013 regional ist besser! Das ist das Motto von K\u00fcchenchef Stefan Obmann, der sich dem leiblichen Wohl der G\u00e4ste widmet. Nicht nur ist er immer gut gelaunt, sondern auch st\u00e4ndig auf der Suche [&hellip;]<\/p>\n","protected":false},"author":1,"featured_media":0,"parent":0,"menu_order":0,"comment_status":"closed","ping_status":"closed","template":"","meta":{"footnotes":""},"class_list":["post-441","page","type-page","status-publish","hentry"],"_links":{"self":[{"href":"https:\/\/www.leonstain.at\/index.php\/wp-json\/wp\/v2\/pages\/441","targetHints":{"allow":["GET"]}}],"collection":[{"href":"https:\/\/www.leonstain.at\/index.php\/wp-json\/wp\/v2\/pages"}],"about":[{"href":"https:\/\/www.leonstain.at\/index.php\/wp-json\/wp\/v2\/types\/page"}],"author":[{"embeddable":true,"href":"https:\/\/www.leonstain.at\/index.php\/wp-json\/wp\/v2\/users\/1"}],"replies":[{"embeddable":true,"href":"https:\/\/www.leonstain.at\/index.php\/wp-json\/wp\/v2\/comments?post=441"}],"version-history":[{"count":16,"href":"https:\/\/www.leonstain.at\/index.php\/wp-json\/wp\/v2\/pages\/441\/revisions"}],"predecessor-version":[{"id":775,"href":"https:\/\/www.leonstain.at\/index.php\/wp-json\/wp\/v2\/pages\/441\/revisions\/775"}],"wp:attachment":[{"href":"https:\/\/www.leonstain.at\/index.php\/wp-json\/wp\/v2\/media?parent=441"}],"curies":[{"name":"wp","href":"https:\/\/api.w.org\/{rel}","templated":true}]}}